{"id":253065,"date":"2000-04-12T17:29:05","date_gmt":"2000-04-12T15:29:05","guid":{"rendered":"https:\/\/ashtanga-yoga-plus.de\/?post_type=product&#038;p=253065"},"modified":"2025-12-26T21:35:43","modified_gmt":"2025-12-26T20:35:43","slug":"chanting-of-mantras","status":"publish","type":"product","link":"https:\/\/ashtanga-yoga-plus.de\/en\/workshops\/chanting-of-mantras\/","title":{"rendered":"Chanting of mantras<br>(bi-lingual)"},"content":{"rendered":"<p>You are warmly invited to explore chanting and the transformative power of mantras. Experience the profound effects of these ancient sounds.<\/p>\n<h3><strong>What are Mantras?<\/strong><\/h3>\n<p>Mantras are syllables, words, and verses originating from the Vedas or other Hindu and Buddhist scriptures. Their recitation creates vibrations\u2014similar to Gregorian chants\u2014that harmonize the body, mind, and soul.<\/p>\n<h3><strong>What to Expect: Practical Exercises and Experiences<\/strong><\/h3>\n<ul>\n<li><strong>Short Introduction<\/strong><\/li>\n<li><strong>Breathing Exercises<\/strong> to prepare for chanting<\/li>\n<li><strong>Group Chanting<\/strong> of various mantras<\/li>\n<li><strong>A Simple Mantra Meditation<\/strong><\/li>\n<li><strong>Space for Questions and Sharing<\/strong><\/li>\n<\/ul>\n<h3><strong>No Prior Knowledge Required!<\/strong><\/h3>\n<p>Whether you\u2019ve never chanted before or already have extensive experience, this workshop is open to anyone who wants to explore the power of mantras.<\/p>\n<h3><strong>Cost and Registration<\/strong><\/h3>\n<ul>\n<li>The workshop fee is \u20ac18 (including a short script) or one unit of the Ashtanga Yoga Plus ten-class card. For monthly members, the event is included in the subscription.<\/li>\n<li>Please register in advance, either through the website or directly with me.<\/li>\n<\/ul>\n<p>Let yourself be inspired by the energy of mantras and experience deep relaxation and inner peace.<\/p>\n<p>Note: Apart from the chanting, which is in Sanskrit, the main language of the workshop is German. Translation into English is available upon request.<\/p>\n","protected":false},"excerpt":{"rendered":"<p><strong>Experience the transformative power of mantras<\/strong><br \/>\n<br \/>\nonline<\/p>\n<p>If you are currently in school, in professional training, or studying at a university. please select the appropriate field on the right side under &#8220;discount&#8221; before proceeding to payment.<\/p>\n","protected":false},"featured_media":253064,"template":"","meta":{"_et_pb_use_builder":"off","_et_pb_old_content":"Der modular aufgebaute Workshop ist praxisorientiert und richtet sich an Neu- und Wiedereinsteiger. Idealerweise kannst Du vor Ort teilnehmen, eine Teilnahme online ist jedoch auch m\u00f6glich.\r\n<ul>\r\n \t<li>Am ersten Vormittag erlernst Du die Vorbereitungs\u00fcbungen sowie die eigentlichen Pranayama-Techniken.<\/li>\r\n \t<li>In den beiden folgenden Modulen wiederholen und vertiefen wir die \u00dcbungen.<\/li>\r\n<\/ul>\r\nEs besteht ausreichend Raum zur Besprechung von Fragen. Zus\u00e4tzlich erh\u00e4ltst Du ein individuelles \u00dcbungsprogramm, das sich an Deinen zeitlichen M\u00f6glichkeiten orientiert. Bei Bedarf kann ich eine \u00dcbersetzung ins Englische anbieten. Zur weiteren Unterst\u00fctzung im Anschluss an den Workshop biete ich einmal pro Woche abends von 17:30 bis 17:55 Uhr vor Ort und online Pranayama-Unterricht an (im Monatsbeitrag enthalten, sonst 9 \u20ac pro Klasse). Ungef\u00e4hr einmal pro Quartal findet au\u00dferdem sonntags von 10:30 bis 12:00 Uhr eine Pranayama-Auffrischung statt (im Monatsbeitrag enthalten, sonst 18 \u20ac pro Veranstaltung). Selbstverst\u00e4ndlich kann ich Dich auch in Einzelstunden bei der Weiterentwicklung Deiner Pranayama-Praxis begleiten (80 \u20ac pro Stunde).","_et_gb_content_width":""},"product_brand":[],"product_cat":[378,580,425],"product_tag":[],"class_list":{"0":"post-253065","1":"product","2":"type-product","3":"status-publish","4":"has-post-thumbnail","6":"product_cat-en","7":"product_cat-mantra-chanting_en","8":"product_cat-workshop_en","10":"first","11":"instock","12":"purchasable","13":"product-type-variable","14":"has-default-attributes"},"_links":{"self":[{"href":"https:\/\/ashtanga-yoga-plus.de\/en\/wp-json\/wp\/v2\/product\/253065","targetHints":{"allow":["GET"]}}],"collection":[{"href":"https:\/\/ashtanga-yoga-plus.de\/en\/wp-json\/wp\/v2\/product"}],"about":[{"href":"https:\/\/ashtanga-yoga-plus.de\/en\/wp-json\/wp\/v2\/types\/product"}],"wp:featuredmedia":[{"embeddable":true,"href":"https:\/\/ashtanga-yoga-plus.de\/en\/wp-json\/wp\/v2\/media\/253064"}],"wp:attachment":[{"href":"https:\/\/ashtanga-yoga-plus.de\/en\/wp-json\/wp\/v2\/media?parent=253065"}],"wp:term":[{"taxonomy":"product_brand","embeddable":true,"href":"https:\/\/ashtanga-yoga-plus.de\/en\/wp-json\/wp\/v2\/product_brand?post=253065"},{"taxonomy":"product_cat","embeddable":true,"href":"https:\/\/ashtanga-yoga-plus.de\/en\/wp-json\/wp\/v2\/product_cat?post=253065"},{"taxonomy":"product_tag","embeddable":true,"href":"https:\/\/ashtanga-yoga-plus.de\/en\/wp-json\/wp\/v2\/product_tag?post=253065"}],"curies":[{"name":"wp","href":"https:\/\/api.w.org\/{rel}","templated":true}]}}