{"id":250038,"date":"2000-10-17T14:30:44","date_gmt":"2000-10-17T12:30:44","guid":{"rendered":"https:\/\/ashtanga-yoga-plus.de\/?post_type=product&#038;p=250038"},"modified":"2026-01-25T21:19:58","modified_gmt":"2026-01-25T20:19:58","slug":"yoga-philosophy","status":"publish","type":"product","link":"https:\/\/ashtanga-yoga-plus.de\/en\/workshops\/yoga-philosophy\/","title":{"rendered":"Introduction to Yoga Philosophy<br>(in English)"},"content":{"rendered":"<p><strong>Yoga \u2013 More Than Just Asanas<\/strong><\/p>\n<p>Immerse yourself in the ancient wisdom of Yoga philosophy and discover how this holistic practice connects body, mind, and soul.<\/p>\n<p>In this workshop, you will:<\/p>\n<ul>\n<li>Explore the diverse answers Yoga philosophy offers to life&#8217;s big questions: Who am I? What is the purpose of my existence?<\/li>\n<li>Learn the fundamental concepts of Yoga philosophy and their relevance to modern life.<\/li>\n<li>Trace the evolution of the term &#8220;Yoga&#8221; from its origins to the present day.<\/li>\n<li>Gain insights into Pata\u00f1jali&#8217;s Yogas\u016btra and the eightfold path, A\u1e63\u1e6d\u0101\u1e45ga.<\/li>\n<li>Experience Yoga firsthand through meditation, Pr\u0101\u1e47\u0101y\u0101ma (yogic breathing), and chanting of mantras together.<\/li>\n<\/ul>\n<p>This workshop is perfect for anyone who:<\/p>\n<ul>\n<li>Wants to understand Yoga beyond the physical practice,<\/li>\n<li>Is curious about answers to existential questions,<\/li>\n<li>Seeks a deeper connection with themselves,<\/li>\n<li>Wishes to grasp the original context of the term &#8220;A\u1e63\u1e6d\u0101\u1e45ga.&#8221;<\/li>\n<\/ul>\n<p>The number of participants is limited to 10.<\/p>\n<p>Note: The main language of the workshop is German. Translation into English is available upon request.<\/p>\n","protected":false},"excerpt":{"rendered":"<p><strong>The roots of this ancient wisdom<\/strong><br \/>\n<br \/>\nonline<\/p>\n<p>If you are currently in school, in professional training, or studying at a university. please select the appropriate field on the right side under &#8220;discount&#8221; before proceeding to payment.<\/p>\n","protected":false},"featured_media":250034,"template":"","meta":{"_et_pb_use_builder":"off","_et_pb_old_content":"Der modular aufgebaute Workshop ist praxisorientiert und richtet sich an Neu- und Wiedereinsteiger. Idealerweise kannst Du vor Ort teilnehmen, eine Teilnahme online ist jedoch auch m\u00f6glich.\r\n<ul>\r\n \t<li>Am ersten Vormittag erlernst Du die Vorbereitungs\u00fcbungen sowie die eigentlichen Pranayama-Techniken.<\/li>\r\n \t<li>In den beiden folgenden Modulen wiederholen und vertiefen wir die \u00dcbungen.<\/li>\r\n<\/ul>\r\nEs besteht ausreichend Raum zur Besprechung von Fragen. Zus\u00e4tzlich erh\u00e4ltst Du ein individuelles \u00dcbungsprogramm, das sich an Deinen zeitlichen M\u00f6glichkeiten orientiert. Bei Bedarf kann ich eine \u00dcbersetzung ins Englische anbieten. Zur weiteren Unterst\u00fctzung im Anschluss an den Workshop biete ich einmal pro Woche abends von 17:30 bis 17:55 Uhr vor Ort und online Pranayama-Unterricht an (im Monatsbeitrag enthalten, sonst 9 \u20ac pro Klasse). Ungef\u00e4hr einmal pro Quartal findet au\u00dferdem sonntags von 10:30 bis 12:00 Uhr eine Pranayama-Auffrischung statt (im Monatsbeitrag enthalten, sonst 18 \u20ac pro Veranstaltung). Selbstverst\u00e4ndlich kann ich Dich auch in Einzelstunden bei der Weiterentwicklung Deiner Pranayama-Praxis begleiten (80 \u20ac pro Stunde).","_et_gb_content_width":""},"product_brand":[],"product_cat":[507,378,425],"product_tag":[],"class_list":{"0":"post-250038","1":"product","2":"type-product","3":"status-publish","4":"has-post-thumbnail","6":"product_cat-einfuehrung-yoga-philosophie_en","7":"product_cat-en","8":"product_cat-workshop_en","10":"first","11":"instock","12":"purchasable","13":"product-type-variable","14":"has-default-attributes"},"_links":{"self":[{"href":"https:\/\/ashtanga-yoga-plus.de\/en\/wp-json\/wp\/v2\/product\/250038","targetHints":{"allow":["GET"]}}],"collection":[{"href":"https:\/\/ashtanga-yoga-plus.de\/en\/wp-json\/wp\/v2\/product"}],"about":[{"href":"https:\/\/ashtanga-yoga-plus.de\/en\/wp-json\/wp\/v2\/types\/product"}],"wp:featuredmedia":[{"embeddable":true,"href":"https:\/\/ashtanga-yoga-plus.de\/en\/wp-json\/wp\/v2\/media\/250034"}],"wp:attachment":[{"href":"https:\/\/ashtanga-yoga-plus.de\/en\/wp-json\/wp\/v2\/media?parent=250038"}],"wp:term":[{"taxonomy":"product_brand","embeddable":true,"href":"https:\/\/ashtanga-yoga-plus.de\/en\/wp-json\/wp\/v2\/product_brand?post=250038"},{"taxonomy":"product_cat","embeddable":true,"href":"https:\/\/ashtanga-yoga-plus.de\/en\/wp-json\/wp\/v2\/product_cat?post=250038"},{"taxonomy":"product_tag","embeddable":true,"href":"https:\/\/ashtanga-yoga-plus.de\/en\/wp-json\/wp\/v2\/product_tag?post=250038"}],"curies":[{"name":"wp","href":"https:\/\/api.w.org\/{rel}","templated":true}]}}