{"id":249992,"date":"2024-09-15T17:22:03","date_gmt":"2024-09-15T15:22:03","guid":{"rendered":"https:\/\/ashtanga-yoga-plus.de\/?post_type=product&#038;p=249992"},"modified":"2024-12-20T16:05:22","modified_gmt":"2024-12-20T15:05:22","slug":"initial-coaching-session","status":"publish","type":"product","link":"https:\/\/ashtanga-yoga-plus.de\/en\/workshops\/initial-coaching-session\/","title":{"rendered":"Introduction Session Coaching"},"content":{"rendered":"<p>The primary goal for the initial session is for us to get to know each other personally and to develop a shared understanding of your objectives and expectations. This interaction can lead to the conclusion that further collaboration would beneficial, in which case, we will jointly define a frame for those interactions, including their frequency. In other cases, the introduction session can lead to a clear impulse for a decision and that no further meetings are required.<\/p>\n<p>Please note that the initial session, as well as any subsequent coaching, can easily be conducted online in most cases.<\/p>\n","protected":false},"excerpt":{"rendered":"<p><strong>for clarifying the concern and defining the terms of engagement.<\/strong><\/p>\n<p><strong>\u00a0<\/strong><\/p>\n","protected":false},"featured_media":234958,"template":"","meta":{"_et_pb_use_builder":"off","_et_pb_old_content":"Der modular aufgebaute Workshop ist praxisorientiert und richtet sich an Neu- und Wiedereinsteiger. Idealerweise kannst Du vor Ort teilnehmen, eine Teilnahme online ist jedoch auch m\u00f6glich.\r\n<ul>\r\n \t<li>Am ersten Vormittag erlernst Du die Vorbereitungs\u00fcbungen sowie die eigentlichen Pranayama-Techniken.<\/li>\r\n \t<li>In den beiden folgenden Modulen wiederholen und vertiefen wir die \u00dcbungen.<\/li>\r\n<\/ul>\r\nEs besteht ausreichend Raum zur Besprechung von Fragen. Zus\u00e4tzlich erh\u00e4ltst Du ein individuelles \u00dcbungsprogramm, das sich an Deinen zeitlichen M\u00f6glichkeiten orientiert. Bei Bedarf kann ich eine \u00dcbersetzung ins Englische anbieten. Zur weiteren Unterst\u00fctzung im Anschluss an den Workshop biete ich einmal pro Woche abends von 17:30 bis 17:55 Uhr vor Ort und online Pranayama-Unterricht an (im Monatsbeitrag enthalten, sonst 9 \u20ac pro Klasse). Ungef\u00e4hr einmal pro Quartal findet au\u00dferdem sonntags von 10:30 bis 12:00 Uhr eine Pranayama-Auffrischung statt (im Monatsbeitrag enthalten, sonst 18 \u20ac pro Veranstaltung). Selbstverst\u00e4ndlich kann ich Dich auch in Einzelstunden bei der Weiterentwicklung Deiner Pranayama-Praxis begleiten (80 \u20ac pro Stunde).","_et_gb_content_width":""},"product_brand":[],"product_cat":[427,504,378,379],"product_tag":[],"class_list":{"0":"post-249992","1":"product","2":"type-product","3":"status-publish","4":"has-post-thumbnail","6":"product_cat-aufstellungsarbeit_en","7":"product_cat-einzelaufstellung_en","8":"product_cat-en","9":"product_cat-pranayama_en","11":"first","12":"instock","13":"purchasable","14":"product-type-variable","15":"has-default-attributes"},"_links":{"self":[{"href":"https:\/\/ashtanga-yoga-plus.de\/en\/wp-json\/wp\/v2\/product\/249992","targetHints":{"allow":["GET"]}}],"collection":[{"href":"https:\/\/ashtanga-yoga-plus.de\/en\/wp-json\/wp\/v2\/product"}],"about":[{"href":"https:\/\/ashtanga-yoga-plus.de\/en\/wp-json\/wp\/v2\/types\/product"}],"wp:featuredmedia":[{"embeddable":true,"href":"https:\/\/ashtanga-yoga-plus.de\/en\/wp-json\/wp\/v2\/media\/234958"}],"wp:attachment":[{"href":"https:\/\/ashtanga-yoga-plus.de\/en\/wp-json\/wp\/v2\/media?parent=249992"}],"wp:term":[{"taxonomy":"product_brand","embeddable":true,"href":"https:\/\/ashtanga-yoga-plus.de\/en\/wp-json\/wp\/v2\/product_brand?post=249992"},{"taxonomy":"product_cat","embeddable":true,"href":"https:\/\/ashtanga-yoga-plus.de\/en\/wp-json\/wp\/v2\/product_cat?post=249992"},{"taxonomy":"product_tag","embeddable":true,"href":"https:\/\/ashtanga-yoga-plus.de\/en\/wp-json\/wp\/v2\/product_tag?post=249992"}],"curies":[{"name":"wp","href":"https:\/\/api.w.org\/{rel}","templated":true}]}}