{"id":248064,"date":"2000-05-31T13:47:33","date_gmt":"2000-05-31T11:47:33","guid":{"rendered":"https:\/\/ashtanga-yoga-plus.de\/?post_type=product&#038;p=248064"},"modified":"2026-04-15T20:30:24","modified_gmt":"2026-04-15T18:30:24","slug":"yoga-philosophy-circle","status":"publish","type":"product","link":"https:\/\/ashtanga-yoga-plus.de\/en\/workshops\/yoga-philosophy-circle\/","title":{"rendered":"Yoga Philosophy Circle<br>(in English)"},"content":{"rendered":"<p>The <strong>Yoga Philosophy Circles<\/strong> are designed for anyone who has already dipped a toe into the fascinating world of yoga philosophy and wants to learn more. We read and interpret classical texts (currently the Yoga S\u016btra), chant together, and discuss various aspects of yoga philosophy and related Indian philosophies.<\/p>\n<p>The <strong>Yoga Philosophy Circle<\/strong> offers you the opportunity to:<br \/>\n&#8211; Expand your understanding of yoga philosophy<br \/>\n&#8211; Develop your own perspective on the fundamental questions of existence<br \/>\n&#8211; Learn the correct pronunciation of Sanskrit terms in a simple way<br \/>\n&#8211; Chant mantras and s\u016btras<br \/>\n&#8211; Connect with like-minded individuals<\/p>\n<p>Ideally, you have already attended an introductory seminar on yoga philosophy or have otherwise familiarized yourself with the basics of yoga philosophy.<\/p>\n<p>The <strong>Yoga Philosophy Circles <\/strong>take place about once per month, in English. Regular participation is encouraged but not mandatory. You can join at any time. Recordings of previous sessions are available.<\/p>\n<p><strong>Dates: <\/strong>May 31, June 28, July 26, August 23, September 27, October 11, November 15, December 13<\/p>\n<p><strong>Cost:<\/strong><br \/>\nIncluded in the monthly membership, or<br \/>\nOne session on the Ashtanga Yoga Plus Ten-class card or 18 \u20ac<\/p>\n","protected":false},"excerpt":{"rendered":"<p><strong>Deepen Your Knowledge of the Philosophical Foundations of Yoga<\/strong><\/p>\n<p>online<\/p>\n<p>If you are currently in school, in professional training, or studying at a university. please select the appropriate field on the right side under &#8220;discount&#8221; before proceeding to payment.<\/p>\n<p>price per session<\/p>\n","protected":false},"featured_media":255397,"template":"","meta":{"_et_pb_use_builder":"off","_et_pb_old_content":"Der modular aufgebaute Workshop ist praxisorientiert und richtet sich an Neu- und Wiedereinsteiger. Idealerweise kannst Du vor Ort teilnehmen, eine Teilnahme online ist jedoch auch m\u00f6glich.\r\n<ul>\r\n \t<li>Am ersten Vormittag erlernst Du die Vorbereitungs\u00fcbungen sowie die eigentlichen Pranayama-Techniken.<\/li>\r\n \t<li>In den beiden folgenden Modulen wiederholen und vertiefen wir die \u00dcbungen.<\/li>\r\n<\/ul>\r\nEs besteht ausreichend Raum zur Besprechung von Fragen. Zus\u00e4tzlich erh\u00e4ltst Du ein individuelles \u00dcbungsprogramm, das sich an Deinen zeitlichen M\u00f6glichkeiten orientiert. Bei Bedarf kann ich eine \u00dcbersetzung ins Englische anbieten. Zur weiteren Unterst\u00fctzung im Anschluss an den Workshop biete ich einmal pro Woche abends von 17:30 bis 17:55 Uhr vor Ort und online Pranayama-Unterricht an (im Monatsbeitrag enthalten, sonst 9 \u20ac pro Klasse). Ungef\u00e4hr einmal pro Quartal findet au\u00dferdem sonntags von 10:30 bis 12:00 Uhr eine Pranayama-Auffrischung statt (im Monatsbeitrag enthalten, sonst 18 \u20ac pro Veranstaltung). Selbstverst\u00e4ndlich kann ich Dich auch in Einzelstunden bei der Weiterentwicklung Deiner Pranayama-Praxis begleiten (80 \u20ac pro Stunde).","_et_gb_content_width":""},"product_brand":[],"product_cat":[378,425,383,579],"product_tag":[],"class_list":{"0":"post-248064","1":"product","2":"type-product","3":"status-publish","4":"has-post-thumbnail","6":"product_cat-en","7":"product_cat-workshop_en","8":"product_cat-yoga-philosophie-zirkel_en","9":"product_cat-yoga-philosophy_en","11":"first","12":"instock","13":"purchasable","14":"product-type-variable","15":"has-default-attributes"},"_links":{"self":[{"href":"https:\/\/ashtanga-yoga-plus.de\/en\/wp-json\/wp\/v2\/product\/248064","targetHints":{"allow":["GET"]}}],"collection":[{"href":"https:\/\/ashtanga-yoga-plus.de\/en\/wp-json\/wp\/v2\/product"}],"about":[{"href":"https:\/\/ashtanga-yoga-plus.de\/en\/wp-json\/wp\/v2\/types\/product"}],"wp:featuredmedia":[{"embeddable":true,"href":"https:\/\/ashtanga-yoga-plus.de\/en\/wp-json\/wp\/v2\/media\/255397"}],"wp:attachment":[{"href":"https:\/\/ashtanga-yoga-plus.de\/en\/wp-json\/wp\/v2\/media?parent=248064"}],"wp:term":[{"taxonomy":"product_brand","embeddable":true,"href":"https:\/\/ashtanga-yoga-plus.de\/en\/wp-json\/wp\/v2\/product_brand?post=248064"},{"taxonomy":"product_cat","embeddable":true,"href":"https:\/\/ashtanga-yoga-plus.de\/en\/wp-json\/wp\/v2\/product_cat?post=248064"},{"taxonomy":"product_tag","embeddable":true,"href":"https:\/\/ashtanga-yoga-plus.de\/en\/wp-json\/wp\/v2\/product_tag?post=248064"}],"curies":[{"name":"wp","href":"https:\/\/api.w.org\/{rel}","templated":true}]}}