{"id":253722,"date":"2020-01-01T13:10:00","date_gmt":"2020-01-01T12:10:00","guid":{"rendered":"https:\/\/ashtanga-yoga-plus.de\/download\/"},"modified":"2024-12-20T15:35:45","modified_gmt":"2024-12-20T14:35:45","slug":"download","status":"publish","type":"page","link":"https:\/\/ashtanga-yoga-plus.de\/en\/ashtanga-yoga\/download\/","title":{"rendered":"Download"},"content":{"rendered":"<p>[et_pb_section fb_built=&#8221;1&#8243; admin_label=&#8221;Hero&#8221; _builder_version=&#8221;4.16&#8243; _module_preset=&#8221;833cb4cf-5434-4a91-ac45-3d9bf9aff9d7&#8243; locked=&#8221;off&#8221; global_colors_info=&#8221;{}&#8221; theme_builder_area=&#8221;post_content&#8221;][et_pb_row _builder_version=&#8221;4.16&#8243; _module_preset=&#8221;319fd4b7-1c59-4d12-9160-0d9d559e581b&#8221; global_colors_info=&#8221;{}&#8221; theme_builder_area=&#8221;post_content&#8221;][et_pb_column type=&#8221;4_4&#8243; _builder_version=&#8221;4.16&#8243; _module_preset=&#8221;default&#8221; custom_padding=&#8221;|||&#8221; global_colors_info=&#8221;{}&#8221; custom_padding__hover=&#8221;|||&#8221; theme_builder_area=&#8221;post_content&#8221;][et_pb_text _builder_version=&#8221;4.16&#8243; _module_preset=&#8221;568e700f-12a7-4cd6-86a8-221709423e3a&#8221; global_colors_info=&#8221;{}&#8221; theme_builder_area=&#8221;post_content&#8221;]<\/p>\n<h1>Ashtanga Yoga<\/h1>\n<p>[\/et_pb_text][et_pb_text _builder_version=&#8221;4.16&#8243; _dynamic_attributes=&#8221;content&#8221; _module_preset=&#8221;c9548cb3-4b80-4570-973d-5adad731ea4a&#8221; global_colors_info=&#8221;{}&#8221; theme_builder_area=&#8221;post_content&#8221;]@ET-DC@eyJkeW5hbWljIjp0cnVlLCJjb250ZW50IjoicG9zdF90aXRsZSIsInNldHRpbmdzIjp7ImJlZm9yZSI6IiIsImFmdGVyIjoiIn19@[\/et_pb_text][\/et_pb_column][\/et_pb_row][\/et_pb_section][et_pb_section fb_built=&#8221;1&#8243; _builder_version=&#8221;4.16&#8243; _module_preset=&#8221;b7a600aa-830b-42df-91c9-9900fed16e54&#8243; locked=&#8221;off&#8221; global_colors_info=&#8221;{}&#8221; theme_builder_area=&#8221;post_content&#8221;][et_pb_row _builder_version=&#8221;4.16&#8243; _module_preset=&#8221;default&#8221; global_colors_info=&#8221;{}&#8221; theme_builder_area=&#8221;post_content&#8221;][et_pb_column type=&#8221;4_4&#8243; _builder_version=&#8221;4.16&#8243; _module_preset=&#8221;default&#8221; global_colors_info=&#8221;{}&#8221; theme_builder_area=&#8221;post_content&#8221;][et_pb_image src=&#8221;https:\/\/ashtanga-yoga-plus.de\/wp-content\/uploads\/2020\/05\/Matthias_Shala.jpg&#8221; title_text=&#8221;20.05.09. Matthias gro\u00dfe Shala Kopie&#8221; align=&#8221;center&#8221; _builder_version=&#8221;4.16&#8243; _module_preset=&#8221;default&#8221; max_height=&#8221;222px&#8221; custom_padding=&#8221;||0px|||&#8221; global_colors_info=&#8221;{}&#8221; theme_builder_area=&#8221;post_content&#8221;][\/et_pb_image][\/et_pb_column][\/et_pb_row][et_pb_row _builder_version=&#8221;4.16&#8243; _module_preset=&#8221;default&#8221; global_colors_info=&#8221;{}&#8221; theme_builder_area=&#8221;post_content&#8221;][et_pb_column type=&#8221;4_4&#8243; _builder_version=&#8221;4.16&#8243; _module_preset=&#8221;default&#8221; global_colors_info=&#8221;{}&#8221; theme_builder_area=&#8221;post_content&#8221;][et_pb_text _builder_version=&#8221;4.16&#8243; _module_preset=&#8221;e09f9856-a479-4748-8d66-51b47bfb38f5&#8243; global_colors_info=&#8221;{}&#8221; theme_builder_area=&#8221;post_content&#8221;]<\/p>\n<p>Currently, there is not a lot of material available for downloading. It is limited to the opening and closing chant, an overview over the sequence of the standing postures and some details for the first four standing postures, and all of this in German.<\/p>\n<p>Should there be anything that you need that I can not communicate in the Mysore class or the led class, please let me know.<\/p>\n<p>[\/et_pb_text][\/et_pb_column][\/et_pb_row][et_pb_row column_structure=&#8221;1_2,1_2&#8243; _builder_version=&#8221;4.16&#8243; _module_preset=&#8221;default&#8221; custom_margin=&#8221;|auto||auto|false|false&#8221; global_colors_info=&#8221;{}&#8221; theme_builder_area=&#8221;post_content&#8221;][et_pb_column type=&#8221;1_2&#8243; _builder_version=&#8221;4.16&#8243; _module_preset=&#8221;default&#8221; global_colors_info=&#8221;{}&#8221; theme_builder_area=&#8221;post_content&#8221;][et_pb_text _builder_version=&#8221;4.16&#8243; _module_preset=&#8221;e09f9856-a479-4748-8d66-51b47bfb38f5&#8243; global_colors_info=&#8221;{}&#8221; theme_builder_area=&#8221;post_content&#8221;]<\/p>\n<ul>\n<li><strong>Opening mantra<\/strong><\/li>\n<\/ul>\n<p><a href=\"https:\/\/stage12.ashtanga-yoga-plus.de\/data\/uploads\/mp3files\/Er%C3%B6ffnungmantra.mp3\">mp3-File<\/a> (chanted in one piece)<\/p>\n<p><a href=\"https:\/\/stage12.ashtanga-yoga-plus.de\/data\/uploads\/mp3files\/Er%C3%B6ffnungsmantra%20call%20and%20response.mp3\">mp3-File<\/a> (for practicing and learning by heart, &#8220;Call and Response&#8221;)<\/p>\n<p><a href=\"https:\/\/stage12.ashtanga-yoga-plus.de\/data\/uploads\/PDFs\/Eroeffnungsmantra%20kurz.pdf\">Text and translation<\/a> (abridged version with pronounciation assistance)<\/p>\n<p><a href=\"https:\/\/stage12.ashtanga-yoga-plus.de\/data\/uploads\/PDFs\/Eroeffnungsmantra%20ausfuehrlich%20inklusive%20Devanagari.pdf\">Text and translation<\/a>\u00a0(detailed, with Sanskrit)<\/p>\n<ul>\n<li><strong>Closing mantra<\/strong><\/li>\n<\/ul>\n<p><a href=\"https:\/\/stage12.ashtanga-yoga-plus.de\/data\/uploads\/mp3files\/13.11.27.%20Closing%20Chant.mp3\">mp3-File<\/a> (chanted in one piece)<\/p>\n<p><a href=\"https:\/\/stage12.ashtanga-yoga-plus.de\/data\/uploads\/mp3files\/13.11.27.%20ClosingChantcur.mp3\">mp3-File<\/a> (for practicing and learning by heart, &#8220;Call and Response&#8221;)<\/p>\n<p>You will find the text and translation\u00a0<a href=\"https:\/\/stage12.ashtanga-yoga-plus.de\/data\/uploads\/PDFs\/15.08.09.%20Abschlussmantra%20mit%20Aussprache.pdf\">here<\/a>.<\/p>\n<p>[\/et_pb_text][\/et_pb_column][et_pb_column type=&#8221;1_2&#8243; _builder_version=&#8221;4.16&#8243; _module_preset=&#8221;default&#8221; global_colors_info=&#8221;{}&#8221; theme_builder_area=&#8221;post_content&#8221;][et_pb_text _builder_version=&#8221;4.16&#8243; _module_preset=&#8221;e09f9856-a479-4748-8d66-51b47bfb38f5&#8243; global_colors_info=&#8221;{}&#8221; theme_builder_area=&#8221;post_content&#8221;]<\/p>\n<p>&nbsp;<\/p>\n<p>You can download the counting method, breathing rhythm and the gazing points for the standing positions\u00a0<a href=\"https:\/\/stage12.ashtanga-yoga-plus.de\/data\/uploads\/PDFs\/stehende-sequenz-aktuell.pdf\">here<\/a>, currently unfortunately only in German.<\/p>\n<p>In detail there are many differences between different teachers. However they are not important. It is important that you find a\u00a0 harmonious flow in the coordination between the movement, breathing and visual focus for yourself\u00a0 (&#8220;Trishtana-method&#8221;), because this way your practice becomes a meditation in motion.<\/p>\n<p>You can find a detailed depiction with elaborate recordings of the first three series at <a href=\"https:\/\/de.ashtangayoga.info\/praxis\/traditionelle-uebungsserien\/\">Dr. med. Ronald Steiner&#8217;s<\/a>\u00a0website.<\/p>\n<p>[\/et_pb_text][et_pb_text _builder_version=&#8221;4.16&#8243; _module_preset=&#8221;e09f9856-a479-4748-8d66-51b47bfb38f5&#8243; global_colors_info=&#8221;{}&#8221; theme_builder_area=&#8221;post_content&#8221;]<\/p>\n<p><strong>Detailed depiction of the Vinyasa counting method and its execution <\/strong>(based on John Scott&#8217;s material, again currently only in German)<\/p>\n<p><strong>Standing postures<\/strong><br \/> <a href=\"https:\/\/stage12.ashtanga-yoga-plus.de\/data\/uploads\/PDFs\/04.01.%2019.07.24.%20Surya%20A.pdf\">S\u016bryanamask\u0101ra A<\/a><span> (\u0938\u0942\u0930\u094d\u092f\u0928\u092e\u0938\u094d\u0915\u093e\u0930 sun salutation A)<\/span><br \/> <a href=\"https:\/\/stage12.ashtanga-yoga-plus.de\/data\/uploads\/PDFs\/04.02.%2024.07.19.%20Surya%20B.pdf\">S\u016bryanamask\u0101ra B<\/a><span> (\u0938\u0942\u0930\u094d\u092f\u0928\u092e\u0938\u094d\u0915\u093e\u0930 sun salutation B)<\/span><br \/> <a href=\"https:\/\/stage12.ashtanga-yoga-plus.de\/data\/uploads\/PDFs\/04.04.%2019.07.24.%20Padas%20komb.pdf\">P\u0101d\u0101\u1e45gu\u1e63\u1e6dh\u0101sana<\/a><span> (\u092a\u093e\u0926\u093e\u091e\u094d\u0917\u0941\u0937\u094d\u091f\u093e\u0938\u0928 Big toe position)<\/span><span>\u00a0<\/span><a href=\"https:\/\/stage12.ashtanga-yoga-plus.de\/data\/uploads\/PDFs\/04.04.%2019.07.24.%20Padas%20komb.pdf&lt;span&gt;\"><br \/> P\u0101dahast\u0101sana<\/a><span> (\u092a\u093e\u0926\u0939\u0938\u094d\u0924\u093e\u0938\u0928 Fu\u00df-Hand-Position)<\/span><\/p>\n<p><span>(central positions are colored in light grey which are normally held five breaths, dark grey parts usually are not exercised)<\/span><\/p>\n<p>[\/et_pb_text][\/et_pb_column][\/et_pb_row][et_pb_row _builder_version=&#8221;4.16&#8243; _module_preset=&#8221;default&#8221; global_colors_info=&#8221;{}&#8221; theme_builder_area=&#8221;post_content&#8221;][et_pb_column type=&#8221;4_4&#8243; _builder_version=&#8221;4.16&#8243; _module_preset=&#8221;default&#8221; global_colors_info=&#8221;{}&#8221; theme_builder_area=&#8221;post_content&#8221;][et_pb_blurb title=&#8221;Hathapradipika I.15&#8243; use_icon=&#8221;on&#8221; _builder_version=&#8221;4.16&#8243; _module_preset=&#8221;67448c38-2762-4f15-8bc5-f8cd455981c3&#8243; background_color=&#8221;#8bb1e9&#8243; custom_margin=&#8221;4px|57px||57px|false|false&#8221; border_radii=&#8221;off|20px|20px|20px|20px&#8221; global_colors_info=&#8221;{}&#8221; theme_builder_area=&#8221;post_content&#8221;]<\/p>\n<h2><em>\u201eEating too much and overexertion, talking too much and holding on to rules. Excessive socializing and restlessness, Yoga is utterly lost by means of these six<\/em><em>.\u201d<\/em><\/h2>\n<h3><em>(<\/em><em>translation by Zo\u00eb Slatoff: Yog\u0101vat\u0101ra\u1e47am)<\/em><\/h3>\n<p>[\/et_pb_blurb][\/et_pb_column][\/et_pb_row][\/et_pb_section][et_pb_section fb_built=&#8221;1&#8243; admin_label=&#8221;Hero&#8221; _builder_version=&#8221;4.16&#8243; _module_preset=&#8221;57f2927f-6c4f-4249-9d5a-248dcd07f6b0&#8243; bottom_divider_repeat=&#8221;0.8x&#8221; locked=&#8221;off&#8221; global_colors_info=&#8221;{}&#8221; theme_builder_area=&#8221;post_content&#8221;][et_pb_row _builder_version=&#8221;4.16&#8243; _module_preset=&#8221;65409f12-9aff-4f24-b799-9f601f70ea5b&#8221; global_colors_info=&#8221;{}&#8221; theme_builder_area=&#8221;post_content&#8221;][et_pb_column type=&#8221;4_4&#8243; _builder_version=&#8221;4.16&#8243; _module_preset=&#8221;default&#8221; global_colors_info=&#8221;{}&#8221; theme_builder_area=&#8221;post_content&#8221;][et_pb_text _builder_version=&#8221;4.16&#8243; _dynamic_attributes=&#8221;content&#8221; _module_preset=&#8221;5baad4bb-ceec-4663-8bb5-5316b3b5e2e9&#8243; global_colors_info=&#8221;{}&#8221; theme_builder_area=&#8221;post_content&#8221;]@ET-DC@eyJkeW5hbWljIjp0cnVlLCJjb250ZW50IjoicG9zdF90aXRsZSIsInNldHRpbmdzIjp7ImJlZm9yZSI6IiIsImFmdGVyIjoiIn19@[\/et_pb_text][et_pb_post_nav _builder_version=&#8221;4.16&#8243; _module_preset=&#8221;655cc587-b0ee-49f3-a8ff-9ba41de8daf4&#8243; global_colors_info=&#8221;{}&#8221; theme_builder_area=&#8221;post_content&#8221;][\/et_pb_post_nav][\/et_pb_column][\/et_pb_row][\/et_pb_section]<\/p>\n","protected":false},"excerpt":{"rendered":"<p>Ashtanga YogaCurrently, there is not a lot of material available for downloading. It is limited to the opening and closing chant, an overview over the sequence of the standing postures and some details for the first four standing postures, and all of this in German. Should there be anything that you need that I can [&hellip;]<\/p>\n","protected":false},"author":1,"featured_media":0,"parent":233093,"menu_order":8,"comment_status":"closed","ping_status":"closed","template":"","meta":{"_et_pb_use_builder":"on","_et_pb_old_content":"","_et_gb_content_width":"","footnotes":""},"class_list":["post-253722","page","type-page","status-publish","hentry"],"_links":{"self":[{"href":"https:\/\/ashtanga-yoga-plus.de\/en\/wp-json\/wp\/v2\/pages\/253722","targetHints":{"allow":["GET"]}}],"collection":[{"href":"https:\/\/ashtanga-yoga-plus.de\/en\/wp-json\/wp\/v2\/pages"}],"about":[{"href":"https:\/\/ashtanga-yoga-plus.de\/en\/wp-json\/wp\/v2\/types\/page"}],"author":[{"embeddable":true,"href":"https:\/\/ashtanga-yoga-plus.de\/en\/wp-json\/wp\/v2\/users\/1"}],"replies":[{"embeddable":true,"href":"https:\/\/ashtanga-yoga-plus.de\/en\/wp-json\/wp\/v2\/comments?post=253722"}],"version-history":[{"count":1,"href":"https:\/\/ashtanga-yoga-plus.de\/en\/wp-json\/wp\/v2\/pages\/253722\/revisions"}],"predecessor-version":[{"id":253723,"href":"https:\/\/ashtanga-yoga-plus.de\/en\/wp-json\/wp\/v2\/pages\/253722\/revisions\/253723"}],"up":[{"embeddable":true,"href":"https:\/\/ashtanga-yoga-plus.de\/en\/wp-json\/wp\/v2\/pages\/233093"}],"wp:attachment":[{"href":"https:\/\/ashtanga-yoga-plus.de\/en\/wp-json\/wp\/v2\/media?parent=253722"}],"curies":[{"name":"wp","href":"https:\/\/api.w.org\/{rel}","templated":true}]}}